{"id":421,"date":"2024-12-09T10:38:02","date_gmt":"2024-12-09T09:38:02","guid":{"rendered":"https:\/\/calperedelmaset.inaudit.io\/espacios\/"},"modified":"2025-02-05T11:07:28","modified_gmt":"2025-02-05T10:07:28","slug":"espacios","status":"publish","type":"page","link":"https:\/\/www.calperedelmaset.com\/es\/espacios\/","title":{"rendered":"Espacios"},"content":{"rendered":"\t\t<div data-elementor-type=\"wp-page\" data-elementor-id=\"421\" class=\"elementor elementor-421 elementor-52\" data-elementor-post-type=\"page\">\n\t\t\t\t<div data-particle_enable=\"false\" data-particle-mobile-disabled=\"false\" class=\"elementor-element elementor-element-4341c2a7 e-flex e-con-boxed e-con e-parent\" data-id=\"4341c2a7\" data-element_type=\"container\" data-settings=\"{&quot;background_background&quot;:&quot;classic&quot;}\">\n\t\t\t\t\t<div class=\"e-con-inner\">\n\t\t\t\t<div class=\"elementor-element elementor-element-1badd192 elementor-widget elementor-widget-heading\" data-id=\"1badd192\" data-element_type=\"widget\" data-widget_type=\"heading.default\">\n\t\t\t\t<div class=\"elementor-widget-container\">\n\t\t\t\t\t<h3 class=\"elementor-heading-title elementor-size-default\">nuestros<\/h3>\t\t\t\t<\/div>\n\t\t\t\t<\/div>\n\t\t\t\t<div class=\"elementor-element elementor-element-1cd23fd9 elementor-widget elementor-widget-heading\" data-id=\"1cd23fd9\" data-element_type=\"widget\" data-widget_type=\"heading.default\">\n\t\t\t\t<div class=\"elementor-widget-container\">\n\t\t\t\t\t<h1 class=\"elementor-heading-title elementor-size-default\">espacios<\/h1>\t\t\t\t<\/div>\n\t\t\t\t<\/div>\n\t\t\t\t\t<\/div>\n\t\t\t\t<\/div>\n\t\t<div data-particle_enable=\"false\" data-particle-mobile-disabled=\"false\" class=\"elementor-element elementor-element-83c733c e-flex e-con-boxed e-con e-parent\" data-id=\"83c733c\" data-element_type=\"container\">\n\t\t\t\t\t<div class=\"e-con-inner\">\n\t\t\t\t<div class=\"elementor-element elementor-element-38e40c74 elementor-widget elementor-widget-text-editor\" data-id=\"38e40c74\" data-element_type=\"widget\" data-widget_type=\"text-editor.default\">\n\t\t\t\t<div class=\"elementor-widget-container\">\n\t\t\t\t\t\t\t\t\t<p>Nuestras salas son espaciosas y ambientadas en nuestra tierra, el Alt Pened\u00e8s. Disponemos de salones privados para eventos especiales de grupo, tanto celebraciones familiares o con amigos, como eventos de empresa. Nuestra bodega dispone de una mesa preciosa con capacidad para 12 personas para disfrutar, entre m\u00e1s de 300 referencias de vino, de un men\u00fa degustaci\u00f3n que Pedro le preparar\u00e1 a medida. Tambi\u00e9n tenemos una sala de digestivos para despu\u00e9s de comer. No queremos que tengas ninguna presa. Queremos que est\u00e9s como en casa.<\/p>\n\t\t\t\t\t\t\t\t<\/div>\n\t\t\t\t<\/div>\n\t\t\t\t\t<\/div>\n\t\t\t\t<\/div>\n\t\t<div data-particle_enable=\"false\" data-particle-mobile-disabled=\"false\" class=\"elementor-element elementor-element-71bbac60 e-flex e-con-boxed e-con e-parent\" data-id=\"71bbac60\" data-element_type=\"container\">\n\t\t\t\t\t<div class=\"e-con-inner\">\n\t\t\t\t<div class=\"elementor-element elementor-element-3ccd0143 elementor-widget elementor-widget-gallery\" data-id=\"3ccd0143\" data-element_type=\"widget\" data-settings=\"{&quot;gallery_layout&quot;:&quot;justified&quot;,&quot;ideal_row_height&quot;:{&quot;unit&quot;:&quot;px&quot;,&quot;size&quot;:&quot;450&quot;,&quot;sizes&quot;:[]},&quot;gap&quot;:{&quot;unit&quot;:&quot;px&quot;,&quot;size&quot;:50,&quot;sizes&quot;:[]},&quot;ideal_row_height_tablet&quot;:{&quot;unit&quot;:&quot;px&quot;,&quot;size&quot;:&quot;300&quot;,&quot;sizes&quot;:[]},&quot;ideal_row_height_mobile&quot;:{&quot;unit&quot;:&quot;px&quot;,&quot;size&quot;:&quot;300&quot;,&quot;sizes&quot;:[]},&quot;gap_tablet&quot;:{&quot;unit&quot;:&quot;px&quot;,&quot;size&quot;:10,&quot;sizes&quot;:[]},&quot;gap_mobile&quot;:{&quot;unit&quot;:&quot;px&quot;,&quot;size&quot;:10,&quot;sizes&quot;:[]},&quot;link_to&quot;:&quot;file&quot;,&quot;overlay_background&quot;:&quot;yes&quot;,&quot;content_hover_animation&quot;:&quot;fade-in&quot;}\" data-widget_type=\"gallery.default\">\n\t\t\t\t<div class=\"elementor-widget-container\">\n\t\t\t\t\t\t\t<div class=\"elementor-gallery__container\">\n\t\t\t\t\t\t\t<a class=\"e-gallery-item elementor-gallery-item elementor-animated-content\" href=\"\/wp-content\/uploads\/2024\/12\/principal_taula-scaled.jpg\" data-elementor-open-lightbox=\"no\">\n\t\t\t\t\t<div class=\"e-gallery-image elementor-gallery-item__image\" data-thumbnail=\"\/wp-content\/uploads\/2024\/12\/principal_taula-scaled.jpg\" data-width=\"2560\" data-height=\"1707\" aria-label=\"\" role=\"img\" ><\/div>\n\t\t\t\t\t\t\t\t\t\t\t<div class=\"elementor-gallery-item__overlay\"><\/div>\n\t\t\t\t\t\t\t\t\t\t\t\t\t\t<\/a>\n\t\t\t\t\t\t\t<a class=\"e-gallery-item elementor-gallery-item elementor-animated-content\" href=\"\/wp-content\/uploads\/2024\/12\/bodega_entrada-scaled.jpg\" data-elementor-open-lightbox=\"no\">\n\t\t\t\t\t<div class=\"e-gallery-image elementor-gallery-item__image\" data-thumbnail=\"\/wp-content\/uploads\/2024\/12\/bodega_entrada-scaled.jpg\" data-width=\"2560\" data-height=\"1707\" aria-label=\"\" role=\"img\" ><\/div>\n\t\t\t\t\t\t\t\t\t\t\t<div class=\"elementor-gallery-item__overlay\"><\/div>\n\t\t\t\t\t\t\t\t\t\t\t\t\t\t<\/a>\n\t\t\t\t\t\t\t<a class=\"e-gallery-item elementor-gallery-item elementor-animated-content\" href=\"\/wp-content\/uploads\/2024\/12\/reservats_menjador_principal-scaled.jpg\" data-elementor-open-lightbox=\"no\">\n\t\t\t\t\t<div class=\"e-gallery-image elementor-gallery-item__image\" data-thumbnail=\"\/wp-content\/uploads\/2024\/12\/reservats_menjador_principal-scaled.jpg\" data-width=\"2560\" data-height=\"1707\" aria-label=\"\" role=\"img\" ><\/div>\n\t\t\t\t\t\t\t\t\t\t\t<div class=\"elementor-gallery-item__overlay\"><\/div>\n\t\t\t\t\t\t\t\t\t\t\t\t\t\t<\/a>\n\t\t\t\t\t\t\t<a class=\"e-gallery-item elementor-gallery-item elementor-animated-content\" href=\"\/wp-content\/uploads\/2024\/12\/sala_licors_entrada-scaled.jpg\" data-elementor-open-lightbox=\"no\">\n\t\t\t\t\t<div class=\"e-gallery-image elementor-gallery-item__image\" data-thumbnail=\"\/wp-content\/uploads\/2024\/12\/sala_licors_entrada-scaled.jpg\" data-width=\"2560\" data-height=\"1707\" aria-label=\"\" role=\"img\" ><\/div>\n\t\t\t\t\t\t\t\t\t\t\t<div class=\"elementor-gallery-item__overlay\"><\/div>\n\t\t\t\t\t\t\t\t\t\t\t\t\t\t<\/a>\n\t\t\t\t\t\t\t<a class=\"e-gallery-item elementor-gallery-item elementor-animated-content\" href=\"\/wp-content\/uploads\/2024\/12\/reservats_taula.jpg\" data-elementor-open-lightbox=\"no\">\n\t\t\t\t\t<div class=\"e-gallery-image elementor-gallery-item__image\" data-thumbnail=\"\/wp-content\/uploads\/2024\/12\/reservats_taula.jpg\" data-width=\"800\" data-height=\"533\" aria-label=\"\" role=\"img\" ><\/div>\n\t\t\t\t\t\t\t\t\t\t\t<div class=\"elementor-gallery-item__overlay\"><\/div>\n\t\t\t\t\t\t\t\t\t\t\t\t\t\t<\/a>\n\t\t\t\t\t\t\t<a class=\"e-gallery-item elementor-gallery-item elementor-animated-content\" href=\"\/wp-content\/uploads\/2024\/12\/bodega_interior.jpg\" data-elementor-open-lightbox=\"no\">\n\t\t\t\t\t<div class=\"e-gallery-image elementor-gallery-item__image\" data-thumbnail=\"\/wp-content\/uploads\/2024\/12\/bodega_interior.jpg\" data-width=\"500\" data-height=\"333\" aria-label=\"\" role=\"img\" ><\/div>\n\t\t\t\t\t\t\t\t\t\t\t<div class=\"elementor-gallery-item__overlay\"><\/div>\n\t\t\t\t\t\t\t\t\t\t\t\t\t\t<\/a>\n\t\t\t\t\t\t\t<a class=\"e-gallery-item elementor-gallery-item elementor-animated-content\" href=\"\/wp-content\/uploads\/2024\/12\/dinningroom.jpg\" data-elementor-open-lightbox=\"no\">\n\t\t\t\t\t<div class=\"e-gallery-image elementor-gallery-item__image\" data-thumbnail=\"\/wp-content\/uploads\/2024\/12\/dinningroom.jpg\" data-width=\"810\" data-height=\"540\" aria-label=\"\" role=\"img\" ><\/div>\n\t\t\t\t\t\t\t\t\t\t\t<div class=\"elementor-gallery-item__overlay\"><\/div>\n\t\t\t\t\t\t\t\t\t\t\t\t\t\t<\/a>\n\t\t\t\t\t\t\t<a class=\"e-gallery-item elementor-gallery-item elementor-animated-content\" href=\"\/wp-content\/uploads\/2024\/12\/reservats_entrada-scaled.jpg\" data-elementor-open-lightbox=\"no\">\n\t\t\t\t\t<div class=\"e-gallery-image elementor-gallery-item__image\" data-thumbnail=\"\/wp-content\/uploads\/2024\/12\/reservats_entrada-scaled.jpg\" data-width=\"1707\" data-height=\"2560\" aria-label=\"\" role=\"img\" ><\/div>\n\t\t\t\t\t\t\t\t\t\t\t<div class=\"elementor-gallery-item__overlay\"><\/div>\n\t\t\t\t\t\t\t\t\t\t\t\t\t\t<\/a>\n\t\t\t\t\t\t\t<a class=\"e-gallery-item elementor-gallery-item elementor-animated-content\" href=\"\/wp-content\/uploads\/2024\/12\/lavabo_pica-scaled.jpg\" data-elementor-open-lightbox=\"no\">\n\t\t\t\t\t<div class=\"e-gallery-image elementor-gallery-item__image\" data-thumbnail=\"\/wp-content\/uploads\/2024\/12\/lavabo_pica-scaled.jpg\" data-width=\"1707\" data-height=\"2560\" aria-label=\"\" role=\"img\" ><\/div>\n\t\t\t\t\t\t\t\t\t\t\t<div class=\"elementor-gallery-item__overlay\"><\/div>\n\t\t\t\t\t\t\t\t\t\t\t\t\t\t<\/a>\n\t\t\t\t\t\t\t<a class=\"e-gallery-item elementor-gallery-item elementor-animated-content\" href=\"\/wp-content\/uploads\/2024\/12\/restaurant--scaled.webp\" data-elementor-open-lightbox=\"no\">\n\t\t\t\t\t<div class=\"e-gallery-image elementor-gallery-item__image\" data-thumbnail=\"\/wp-content\/uploads\/2024\/12\/restaurant--scaled.webp\" data-width=\"1920\" data-height=\"2560\" aria-label=\"\" role=\"img\" ><\/div>\n\t\t\t\t\t\t\t\t\t\t\t<div class=\"elementor-gallery-item__overlay\"><\/div>\n\t\t\t\t\t\t\t\t\t\t\t\t\t\t<\/a>\n\t\t\t\t\t\t\t<a class=\"e-gallery-item elementor-gallery-item elementor-animated-content\" href=\"\/wp-content\/uploads\/2024\/12\/sala_licors_prestatge.jpg\" data-elementor-open-lightbox=\"no\">\n\t\t\t\t\t<div class=\"e-gallery-image elementor-gallery-item__image\" data-thumbnail=\"\/wp-content\/uploads\/2024\/12\/sala_licors_prestatge.jpg\" data-width=\"333\" data-height=\"500\" aria-label=\"\" role=\"img\" ><\/div>\n\t\t\t\t\t\t\t\t\t\t\t<div class=\"elementor-gallery-item__overlay\"><\/div>\n\t\t\t\t\t\t\t\t\t\t\t\t\t\t<\/a>\n\t\t\t\t\t\t\t<a class=\"e-gallery-item elementor-gallery-item elementor-animated-content\" href=\"\/wp-content\/uploads\/2024\/12\/sala_licors_fons.jpg\" data-elementor-open-lightbox=\"no\">\n\t\t\t\t\t<div class=\"e-gallery-image elementor-gallery-item__image\" data-thumbnail=\"\/wp-content\/uploads\/2024\/12\/sala_licors_fons.jpg\" data-width=\"800\" data-height=\"533\" aria-label=\"\" role=\"img\" ><\/div>\n\t\t\t\t\t\t\t\t\t\t\t<div class=\"elementor-gallery-item__overlay\"><\/div>\n\t\t\t\t\t\t\t\t\t\t\t\t\t\t<\/a>\n\t\t\t\t\t<\/div>\n\t\t\t\t\t<\/div>\n\t\t\t\t<\/div>\n\t\t\t\t\t<\/div>\n\t\t\t\t<\/div>\n\t\t\t\t<\/div>\n\t\t","protected":false},"excerpt":{"rendered":"<p>nuestros espacios Nuestras salas son espaciosas y ambientadas en nuestra tierra, el Alt Pened\u00e8s. Disponemos de salones privados para eventos especiales de grupo, tanto celebraciones familiares o con amigos, como eventos de empresa. Nuestra bodega dispone de una mesa preciosa con capacidad para 12 personas para disfrutar, entre m\u00e1s de 300 referencias de vino, de [&hellip;]<\/p>\n","protected":false},"author":3,"featured_media":0,"parent":0,"menu_order":0,"comment_status":"closed","ping_status":"closed","template":"elementor_header_footer","meta":{"footnotes":""},"class_list":["post-421","page","type-page","status-publish","hentry"],"yoast_head":"<!-- This site is optimized with the Yoast SEO plugin v24.8.1 - https:\/\/yoast.com\/wordpress\/plugins\/seo\/ -->\n<title>Espacios - Cal Pere del Maset<\/title>\n<meta name=\"robots\" content=\"index, follow, max-snippet:-1, max-image-preview:large, max-video-preview:-1\" \/>\n<link rel=\"canonical\" href=\"https:\/\/www.calperedelmaset.com\/es\/espacios\/\" \/>\n<meta property=\"og:locale\" content=\"es_ES\" \/>\n<meta property=\"og:type\" content=\"article\" \/>\n<meta property=\"og:title\" content=\"Espacios - Cal Pere del Maset\" \/>\n<meta property=\"og:description\" content=\"nuestros espacios Nuestras salas son espaciosas y ambientadas en nuestra tierra, el Alt Pened\u00e8s. Disponemos de salones privados para eventos especiales de grupo, tanto celebraciones familiares o con amigos, como eventos de empresa. Nuestra bodega dispone de una mesa preciosa con capacidad para 12 personas para disfrutar, entre m\u00e1s de 300 referencias de vino, de [&hellip;]\" \/>\n<meta property=\"og:url\" content=\"https:\/\/www.calperedelmaset.com\/es\/espacios\/\" \/>\n<meta property=\"og:site_name\" content=\"Cal Pere del Maset\" \/>\n<meta property=\"article:modified_time\" content=\"2025-02-05T10:07:28+00:00\" \/>\n<meta name=\"twitter:card\" content=\"summary_large_image\" \/>\n<script type=\"application\/ld+json\" class=\"yoast-schema-graph\">{\"@context\":\"https:\/\/schema.org\",\"@graph\":[{\"@type\":\"WebPage\",\"@id\":\"https:\/\/www.calperedelmaset.com\/es\/espacios\/\",\"url\":\"https:\/\/www.calperedelmaset.com\/es\/espacios\/\",\"name\":\"Espacios - Cal Pere del Maset\",\"isPartOf\":{\"@id\":\"https:\/\/www.calperedelmaset.com\/es\/#website\"},\"datePublished\":\"2024-12-09T09:38:02+00:00\",\"dateModified\":\"2025-02-05T10:07:28+00:00\",\"breadcrumb\":{\"@id\":\"https:\/\/www.calperedelmaset.com\/es\/espacios\/#breadcrumb\"},\"inLanguage\":\"es\",\"potentialAction\":[{\"@type\":\"ReadAction\",\"target\":[\"https:\/\/www.calperedelmaset.com\/es\/espacios\/\"]}]},{\"@type\":\"BreadcrumbList\",\"@id\":\"https:\/\/www.calperedelmaset.com\/es\/espacios\/#breadcrumb\",\"itemListElement\":[{\"@type\":\"ListItem\",\"position\":1,\"name\":\"Portada\",\"item\":\"https:\/\/www.calperedelmaset.com\/es\/\"},{\"@type\":\"ListItem\",\"position\":2,\"name\":\"Espacios\"}]},{\"@type\":\"WebSite\",\"@id\":\"https:\/\/www.calperedelmaset.com\/es\/#website\",\"url\":\"https:\/\/www.calperedelmaset.com\/es\/\",\"name\":\"Cal Pere del Maset\",\"description\":\"Restaurant a Sant Pau d&#039;Ordal\",\"publisher\":{\"@id\":\"https:\/\/www.calperedelmaset.com\/es\/#organization\"},\"potentialAction\":[{\"@type\":\"SearchAction\",\"target\":{\"@type\":\"EntryPoint\",\"urlTemplate\":\"https:\/\/www.calperedelmaset.com\/es\/?s={search_term_string}\"},\"query-input\":{\"@type\":\"PropertyValueSpecification\",\"valueRequired\":true,\"valueName\":\"search_term_string\"}}],\"inLanguage\":\"es\"},{\"@type\":\"Organization\",\"@id\":\"https:\/\/www.calperedelmaset.com\/es\/#organization\",\"name\":\"Cal Pere del Maset\",\"url\":\"https:\/\/www.calperedelmaset.com\/es\/\",\"logo\":{\"@type\":\"ImageObject\",\"inLanguage\":\"es\",\"@id\":\"https:\/\/www.calperedelmaset.com\/es\/#\/schema\/logo\/image\/\",\"url\":\"\/wp-content\/uploads\/2024\/12\/logo-quadrat--e1733738265704.png\",\"contentUrl\":\"\/wp-content\/uploads\/2024\/12\/logo-quadrat--e1733738265704.png\",\"width\":500,\"height\":207,\"caption\":\"Cal Pere del Maset\"},\"image\":{\"@id\":\"https:\/\/www.calperedelmaset.com\/es\/#\/schema\/logo\/image\/\"}}]}<\/script>\n<!-- \/ Yoast SEO plugin. -->","yoast_head_json":{"title":"Espacios - Cal Pere del Maset","robots":{"index":"index","follow":"follow","max-snippet":"max-snippet:-1","max-image-preview":"max-image-preview:large","max-video-preview":"max-video-preview:-1"},"canonical":"https:\/\/www.calperedelmaset.com\/es\/espacios\/","og_locale":"es_ES","og_type":"article","og_title":"Espacios - Cal Pere del Maset","og_description":"nuestros espacios Nuestras salas son espaciosas y ambientadas en nuestra tierra, el Alt Pened\u00e8s. Disponemos de salones privados para eventos especiales de grupo, tanto celebraciones familiares o con amigos, como eventos de empresa. Nuestra bodega dispone de una mesa preciosa con capacidad para 12 personas para disfrutar, entre m\u00e1s de 300 referencias de vino, de [&hellip;]","og_url":"https:\/\/www.calperedelmaset.com\/es\/espacios\/","og_site_name":"Cal Pere del Maset","article_modified_time":"2025-02-05T10:07:28+00:00","twitter_card":"summary_large_image","schema":{"@context":"https:\/\/schema.org","@graph":[{"@type":"WebPage","@id":"https:\/\/www.calperedelmaset.com\/es\/espacios\/","url":"https:\/\/www.calperedelmaset.com\/es\/espacios\/","name":"Espacios - Cal Pere del Maset","isPartOf":{"@id":"https:\/\/www.calperedelmaset.com\/es\/#website"},"datePublished":"2024-12-09T09:38:02+00:00","dateModified":"2025-02-05T10:07:28+00:00","breadcrumb":{"@id":"https:\/\/www.calperedelmaset.com\/es\/espacios\/#breadcrumb"},"inLanguage":"es","potentialAction":[{"@type":"ReadAction","target":["https:\/\/www.calperedelmaset.com\/es\/espacios\/"]}]},{"@type":"BreadcrumbList","@id":"https:\/\/www.calperedelmaset.com\/es\/espacios\/#breadcrumb","itemListElement":[{"@type":"ListItem","position":1,"name":"Portada","item":"https:\/\/www.calperedelmaset.com\/es\/"},{"@type":"ListItem","position":2,"name":"Espacios"}]},{"@type":"WebSite","@id":"https:\/\/www.calperedelmaset.com\/es\/#website","url":"https:\/\/www.calperedelmaset.com\/es\/","name":"Cal Pere del Maset","description":"Restaurant a Sant Pau d&#039;Ordal","publisher":{"@id":"https:\/\/www.calperedelmaset.com\/es\/#organization"},"potentialAction":[{"@type":"SearchAction","target":{"@type":"EntryPoint","urlTemplate":"https:\/\/www.calperedelmaset.com\/es\/?s={search_term_string}"},"query-input":{"@type":"PropertyValueSpecification","valueRequired":true,"valueName":"search_term_string"}}],"inLanguage":"es"},{"@type":"Organization","@id":"https:\/\/www.calperedelmaset.com\/es\/#organization","name":"Cal Pere del Maset","url":"https:\/\/www.calperedelmaset.com\/es\/","logo":{"@type":"ImageObject","inLanguage":"es","@id":"https:\/\/www.calperedelmaset.com\/es\/#\/schema\/logo\/image\/","url":"\/wp-content\/uploads\/2024\/12\/logo-quadrat--e1733738265704.png","contentUrl":"\/wp-content\/uploads\/2024\/12\/logo-quadrat--e1733738265704.png","width":500,"height":207,"caption":"Cal Pere del Maset"},"image":{"@id":"https:\/\/www.calperedelmaset.com\/es\/#\/schema\/logo\/image\/"}}]}},"_links":{"self":[{"href":"https:\/\/www.calperedelmaset.com\/es\/wp-json\/wp\/v2\/pages\/421","targetHints":{"allow":["GET"]}}],"collection":[{"href":"https:\/\/www.calperedelmaset.com\/es\/wp-json\/wp\/v2\/pages"}],"about":[{"href":"https:\/\/www.calperedelmaset.com\/es\/wp-json\/wp\/v2\/types\/page"}],"author":[{"embeddable":true,"href":"https:\/\/www.calperedelmaset.com\/es\/wp-json\/wp\/v2\/users\/3"}],"replies":[{"embeddable":true,"href":"https:\/\/www.calperedelmaset.com\/es\/wp-json\/wp\/v2\/comments?post=421"}],"version-history":[{"count":6,"href":"https:\/\/www.calperedelmaset.com\/es\/wp-json\/wp\/v2\/pages\/421\/revisions"}],"predecessor-version":[{"id":747,"href":"https:\/\/www.calperedelmaset.com\/es\/wp-json\/wp\/v2\/pages\/421\/revisions\/747"}],"wp:attachment":[{"href":"https:\/\/www.calperedelmaset.com\/es\/wp-json\/wp\/v2\/media?parent=421"}],"curies":[{"name":"wp","href":"https:\/\/api.w.org\/{rel}","templated":true}]}}