{"id":415,"date":"2024-12-09T10:38:34","date_gmt":"2024-12-09T09:38:34","guid":{"rendered":"https:\/\/calperedelmaset.inaudit.io\/hombre\/"},"modified":"2025-03-06T06:42:23","modified_gmt":"2025-03-06T05:42:23","slug":"inicio","status":"publish","type":"page","link":"https:\/\/www.calperedelmaset.com\/es\/","title":{"rendered":"Home"},"content":{"rendered":"\t\t<div data-elementor-type=\"wp-page\" data-elementor-id=\"415\" class=\"elementor elementor-415 elementor-84\" data-elementor-post-type=\"page\">\n\t\t\t\t<div data-particle_enable=\"false\" data-particle-mobile-disabled=\"false\" class=\"elementor-element elementor-element-6ec7f3be e-con-full e-flex e-con e-parent\" data-id=\"6ec7f3be\" data-element_type=\"container\">\n\t\t<div data-particle_enable=\"false\" data-particle-mobile-disabled=\"false\" class=\"elementor-element elementor-element-522daaa6 e-con-full e-flex e-con e-child\" data-id=\"522daaa6\" data-element_type=\"container\">\n\t\t\t\t<div class=\"elementor-element elementor-element-61e31705 elementor-view-default elementor-widget elementor-widget-icon\" data-id=\"61e31705\" data-element_type=\"widget\" data-widget_type=\"icon.default\">\n\t\t\t\t<div class=\"elementor-widget-container\">\n\t\t\t\t\t\t\t<div class=\"elementor-icon-wrapper\">\n\t\t\t<a class=\"elementor-icon elementor-animation-sink\" href=\"#next\">\n\t\t\t<svg xmlns=\"http:\/\/www.w3.org\/2000\/svg\" id=\"a5582592-875f-408e-9406-fbdc9be8d8e2\" data-name=\"Layer 1\" width=\"19\" height=\"43\" viewBox=\"0 0 19 43\"><title>Down<\/title><path d=\"M18.68,32.4955a1.0688,1.0688,0,0,0-1.54,0l-6.55,6.6938V1.1005A1.0944,1.0944,0,0,0,9.5044,0,1.1061,1.1061,0,0,0,8.41,1.1187v38.08L1.86,32.5046a1.0688,1.0688,0,0,0-1.54,0,1.1263,1.1263,0,0,0,0,1.5735l8.41,8.5945a1.0686,1.0686,0,0,0,1.54,0l8.41-8.5945a1.1373,1.1373,0,0,0,0-1.5826Z\"><\/path><\/svg>\t\t\t<\/a>\n\t\t<\/div>\n\t\t\t\t\t\t<\/div>\n\t\t\t\t<\/div>\n\t\t\t\t<\/div>\n\t\t<div data-particle_enable=\"false\" data-particle-mobile-disabled=\"false\" class=\"elementor-element elementor-element-19fde408 e-con-full e-flex e-con e-child\" data-id=\"19fde408\" data-element_type=\"container\" data-settings=\"{&quot;background_background&quot;:&quot;classic&quot;}\">\n\t\t\t\t<\/div>\n\t\t<div data-particle_enable=\"false\" data-particle-mobile-disabled=\"false\" class=\"elementor-element elementor-element-6077e72b e-con-full e-flex e-con e-child\" data-id=\"6077e72b\" data-element_type=\"container\">\n\t\t\t\t<div class=\"elementor-element elementor-element-2e2b1ccf elementor-widget elementor-widget-heading\" data-id=\"2e2b1ccf\" data-element_type=\"widget\" data-widget_type=\"heading.default\">\n\t\t\t\t<div class=\"elementor-widget-container\">\n\t\t\t\t\t<h1 class=\"elementor-heading-title elementor-size-default\">BIENVENIDOS<\/h1>\t\t\t\t<\/div>\n\t\t\t\t<\/div>\n\t\t\t\t<div class=\"elementor-element elementor-element-47c71464 elementor-widget elementor-widget-text-editor\" data-id=\"47c71464\" data-element_type=\"widget\" data-widget_type=\"text-editor.default\">\n\t\t\t\t<div class=\"elementor-widget-container\">\n\t\t\t\t\t\t\t\t\t<p>En Cal Pere del Maset queremos que disfruten de una agradable velada. Te ofrecemos un producto de temporada, en un entorno de lujo. El Alt Pened\u00e8s, Subirats, San Pablo de Ordal. Nuestra casa, que esperamos que sienta como su casa.<\/p>\t\t\t\t\t\t\t\t<\/div>\n\t\t\t\t<\/div>\n\t\t\t\t<\/div>\n\t\t\t\t<\/div>\n\t\t<div data-particle_enable=\"false\" data-particle-mobile-disabled=\"false\" class=\"elementor-element elementor-element-2859823c e-con-full e-flex e-con e-parent\" data-id=\"2859823c\" data-element_type=\"container\" id=\"next\">\n\t\t<div data-particle_enable=\"false\" data-particle-mobile-disabled=\"false\" class=\"elementor-element elementor-element-5c04ad49 e-con-full e-flex e-con e-child\" data-id=\"5c04ad49\" data-element_type=\"container\">\n\t\t\t\t<div class=\"elementor-element elementor-element-67193be2 elementor-widget elementor-widget-heading\" data-id=\"67193be2\" data-element_type=\"widget\" data-widget_type=\"heading.default\">\n\t\t\t\t<div class=\"elementor-widget-container\">\n\t\t\t\t\t<h2 class=\"elementor-heading-title elementor-size-default\">La carta<\/h2>\t\t\t\t<\/div>\n\t\t\t\t<\/div>\n\t\t\t\t<div class=\"elementor-element elementor-element-1018b9e8 elementor-widget elementor-widget-text-editor\" data-id=\"1018b9e8\" data-element_type=\"widget\" data-widget_type=\"text-editor.default\">\n\t\t\t\t<div class=\"elementor-widget-container\">\n\t\t\t\t\t\t\t\t\t<p>Elaboramos nuestra carta con productos de temporada y proximidad, conservando la cocina tradicional de los abuelos, con los matices de vanguardia gastron\u00f3mica de hoy. <\/p>\t\t\t\t\t\t\t\t<\/div>\n\t\t\t\t<\/div>\n\t\t\t\t<div class=\"elementor-element elementor-element-7156a4b0 elementor-align-left elementor-mobile-align-center elementor-widget elementor-widget-button\" data-id=\"7156a4b0\" data-element_type=\"widget\" data-widget_type=\"button.default\">\n\t\t\t\t<div class=\"elementor-widget-container\">\n\t\t\t\t\t\t\t\t\t<div class=\"elementor-button-wrapper\">\n\t\t\t\t\t<a class=\"elementor-button elementor-button-link elementor-size-sm\" href=\"https:\/\/www.calperedelmaset.com\/carta\/\">\n\t\t\t\t\t\t<span class=\"elementor-button-content-wrapper\">\n\t\t\t\t\t\t<span class=\"elementor-button-icon\">\n\t\t\t\t<svg aria-hidden=\"true\" class=\"e-font-icon-svg e-fas-angle-right\" viewBox=\"0 0 256 512\" xmlns=\"http:\/\/www.w3.org\/2000\/svg\"><path d=\"M224.3 273l-136 136c-9.4 9.4-24.6 9.4-33.9 0l-22.6-22.6c-9.4-9.4-9.4-24.6 0-33.9l96.4-96.4-96.4-96.4c-9.4-9.4-9.4-24.6 0-33.9L54.3 103c9.4-9.4 24.6-9.4 33.9 0l136 136c9.5 9.4 9.5 24.6.1 34z\"><\/path><\/svg>\t\t\t<\/span>\n\t\t\t\t\t\t\t\t\t<span class=\"elementor-button-text\">consulta la carta<\/span>\n\t\t\t\t\t<\/span>\n\t\t\t\t\t<\/a>\n\t\t\t\t<\/div>\n\t\t\t\t\t\t\t\t<\/div>\n\t\t\t\t<\/div>\n\t\t\t\t<\/div>\n\t\t<div data-particle_enable=\"false\" data-particle-mobile-disabled=\"false\" class=\"elementor-element elementor-element-64eebad5 e-con-full e-flex e-con e-child\" data-id=\"64eebad5\" data-element_type=\"container\" data-settings=\"{&quot;background_background&quot;:&quot;classic&quot;}\">\n\t\t\t\t<\/div>\n\t\t\t\t<\/div>\n\t\t<div data-particle_enable=\"false\" data-particle-mobile-disabled=\"false\" class=\"elementor-element elementor-element-2218455a e-con-full e-flex e-con e-parent\" data-id=\"2218455a\" data-element_type=\"container\">\n\t\t<div data-particle_enable=\"false\" data-particle-mobile-disabled=\"false\" class=\"elementor-element elementor-element-3df19cab e-con-full e-flex e-con e-child\" data-id=\"3df19cab\" data-element_type=\"container\" data-settings=\"{&quot;background_background&quot;:&quot;classic&quot;,&quot;motion_fx_motion_fx_scrolling&quot;:&quot;yes&quot;,&quot;motion_fx_translateY_effect&quot;:&quot;yes&quot;,&quot;motion_fx_translateY_direction&quot;:&quot;negative&quot;,&quot;motion_fx_translateY_speed&quot;:{&quot;unit&quot;:&quot;px&quot;,&quot;size&quot;:&quot;1&quot;,&quot;sizes&quot;:[]},&quot;motion_fx_translateY_affectedRange&quot;:{&quot;unit&quot;:&quot;%&quot;,&quot;size&quot;:&quot;&quot;,&quot;sizes&quot;:{&quot;start&quot;:0,&quot;end&quot;:100}},&quot;motion_fx_devices&quot;:[&quot;desktop&quot;,&quot;tablet&quot;,&quot;mobile&quot;]}\">\n\t\t\t\t<div class=\"elementor-element elementor-element-39a36fcc elementor-widget elementor-widget-heading\" data-id=\"39a36fcc\" data-element_type=\"widget\" data-widget_type=\"heading.default\">\n\t\t\t\t<div class=\"elementor-widget-container\">\n\t\t\t\t\t<h3 class=\"elementor-heading-title elementor-size-default\">Descubre<\/h3>\t\t\t\t<\/div>\n\t\t\t\t<\/div>\n\t\t\t\t<div class=\"elementor-element elementor-element-59871db6 elementor-widget elementor-widget-heading\" data-id=\"59871db6\" data-element_type=\"widget\" data-widget_type=\"heading.default\">\n\t\t\t\t<div class=\"elementor-widget-container\">\n\t\t\t\t\t<h2 class=\"elementor-heading-title elementor-size-default\">L'ESS\u00c8NCIA<\/h2>\t\t\t\t<\/div>\n\t\t\t\t<\/div>\n\t\t\t\t<div class=\"elementor-element elementor-element-261a86c6 elementor-widget-tablet__width-initial elementor-widget elementor-widget-text-editor\" data-id=\"261a86c6\" data-element_type=\"widget\" data-widget_type=\"text-editor.default\">\n\t\t\t\t<div class=\"elementor-widget-container\">\n\t\t\t\t\t\t\t\t\t<p>L&#8217;Ess\u00e8ncia es un espacio \u00fanico dentro del restaurante, donde Pedro le ofrecer\u00e1 una carta nueva, con los sabores y la historia de casa, pero con su toque creativo.<\/p>\t\t\t\t\t\t\t\t<\/div>\n\t\t\t\t<\/div>\n\t\t\t\t<div class=\"elementor-element elementor-element-4c1541d elementor-align-left elementor-mobile-align-left elementor-widget elementor-widget-button\" data-id=\"4c1541d\" data-element_type=\"widget\" data-widget_type=\"button.default\">\n\t\t\t\t<div class=\"elementor-widget-container\">\n\t\t\t\t\t\t\t\t\t<div class=\"elementor-button-wrapper\">\n\t\t\t\t\t<a class=\"elementor-button elementor-button-link elementor-size-sm\" href=\"https:\/\/widget.thefork.com\/f0728dcb-c88e-4b79-91b0-8093881717b2\" target=\"_blank\">\n\t\t\t\t\t\t<span class=\"elementor-button-content-wrapper\">\n\t\t\t\t\t\t<span class=\"elementor-button-icon\">\n\t\t\t\t<svg aria-hidden=\"true\" class=\"e-font-icon-svg e-fas-angle-right\" viewBox=\"0 0 256 512\" xmlns=\"http:\/\/www.w3.org\/2000\/svg\"><path d=\"M224.3 273l-136 136c-9.4 9.4-24.6 9.4-33.9 0l-22.6-22.6c-9.4-9.4-9.4-24.6 0-33.9l96.4-96.4-96.4-96.4c-9.4-9.4-9.4-24.6 0-33.9L54.3 103c9.4-9.4 24.6-9.4 33.9 0l136 136c9.5 9.4 9.5 24.6.1 34z\"><\/path><\/svg>\t\t\t<\/span>\n\t\t\t\t\t\t\t\t\t<span class=\"elementor-button-text\">reserva una mesa<\/span>\n\t\t\t\t\t<\/span>\n\t\t\t\t\t<\/a>\n\t\t\t\t<\/div>\n\t\t\t\t\t\t\t\t<\/div>\n\t\t\t\t<\/div>\n\t\t\t\t<\/div>\n\t\t<div data-particle_enable=\"false\" data-particle-mobile-disabled=\"false\" class=\"elementor-element elementor-element-47d362ad e-con-full elementor-hidden-mobile elementor-hidden-tablet e-flex e-con e-child\" data-id=\"47d362ad\" data-element_type=\"container\">\n\t\t\t\t<\/div>\n\t\t\t\t<\/div>\n\t\t\t\t<\/div>\n\t\t","protected":false},"excerpt":{"rendered":"<p>Down BIENVENIDOS En Cal Pere del Maset queremos que disfruten de una agradable velada. Te ofrecemos un producto de temporada, en un entorno de lujo. El Alt Pened\u00e8s, Subirats, San Pablo de Ordal. Nuestra casa, que esperamos que sienta como su casa. La carta Elaboramos nuestra carta con productos de temporada y proximidad, conservando la [&hellip;]<\/p>\n","protected":false},"author":3,"featured_media":0,"parent":0,"menu_order":0,"comment_status":"closed","ping_status":"closed","template":"elementor_header_footer","meta":{"footnotes":""},"class_list":["post-415","page","type-page","status-publish","hentry"],"yoast_head":"<!-- This site is optimized with the Yoast SEO plugin v24.8.1 - https:\/\/yoast.com\/wordpress\/plugins\/seo\/ -->\n<title>Home - Cal Pere del Maset<\/title>\n<meta name=\"robots\" content=\"index, follow, max-snippet:-1, max-image-preview:large, max-video-preview:-1\" \/>\n<link rel=\"canonical\" href=\"https:\/\/www.calperedelmaset.com\/es\/\" \/>\n<meta property=\"og:locale\" content=\"es_ES\" \/>\n<meta property=\"og:type\" content=\"article\" \/>\n<meta property=\"og:title\" content=\"Home - Cal Pere del Maset\" \/>\n<meta property=\"og:description\" content=\"Down BIENVENIDOS En Cal Pere del Maset queremos que disfruten de una agradable velada. Te ofrecemos un producto de temporada, en un entorno de lujo. El Alt Pened\u00e8s, Subirats, San Pablo de Ordal. Nuestra casa, que esperamos que sienta como su casa. La carta Elaboramos nuestra carta con productos de temporada y proximidad, conservando la [&hellip;]\" \/>\n<meta property=\"og:url\" content=\"https:\/\/www.calperedelmaset.com\/es\/\" \/>\n<meta property=\"og:site_name\" content=\"Cal Pere del Maset\" \/>\n<meta property=\"article:modified_time\" content=\"2025-03-06T05:42:23+00:00\" \/>\n<meta name=\"twitter:card\" content=\"summary_large_image\" \/>\n<meta name=\"twitter:label1\" content=\"Tiempo de lectura\" \/>\n\t<meta name=\"twitter:data1\" content=\"1 minuto\" \/>\n<script type=\"application\/ld+json\" class=\"yoast-schema-graph\">{\"@context\":\"https:\/\/schema.org\",\"@graph\":[{\"@type\":\"WebPage\",\"@id\":\"https:\/\/www.calperedelmaset.com\/es\/\",\"url\":\"https:\/\/www.calperedelmaset.com\/es\/\",\"name\":\"Home - Cal Pere del Maset\",\"isPartOf\":{\"@id\":\"https:\/\/www.calperedelmaset.com\/es\/#website\"},\"datePublished\":\"2024-12-09T09:38:34+00:00\",\"dateModified\":\"2025-03-06T05:42:23+00:00\",\"breadcrumb\":{\"@id\":\"https:\/\/www.calperedelmaset.com\/es\/#breadcrumb\"},\"inLanguage\":\"es\",\"potentialAction\":[{\"@type\":\"ReadAction\",\"target\":[\"https:\/\/www.calperedelmaset.com\/es\/\"]}]},{\"@type\":\"BreadcrumbList\",\"@id\":\"https:\/\/www.calperedelmaset.com\/es\/#breadcrumb\",\"itemListElement\":[{\"@type\":\"ListItem\",\"position\":1,\"name\":\"Portada\",\"item\":\"https:\/\/www.calperedelmaset.com\/es\/\"},{\"@type\":\"ListItem\",\"position\":2,\"name\":\"Home\"}]},{\"@type\":\"WebSite\",\"@id\":\"https:\/\/www.calperedelmaset.com\/es\/#website\",\"url\":\"https:\/\/www.calperedelmaset.com\/es\/\",\"name\":\"Cal Pere del Maset\",\"description\":\"Restaurant a Sant Pau d&#039;Ordal\",\"publisher\":{\"@id\":\"https:\/\/www.calperedelmaset.com\/es\/#organization\"},\"potentialAction\":[{\"@type\":\"SearchAction\",\"target\":{\"@type\":\"EntryPoint\",\"urlTemplate\":\"https:\/\/www.calperedelmaset.com\/es\/?s={search_term_string}\"},\"query-input\":{\"@type\":\"PropertyValueSpecification\",\"valueRequired\":true,\"valueName\":\"search_term_string\"}}],\"inLanguage\":\"es\"},{\"@type\":\"Organization\",\"@id\":\"https:\/\/www.calperedelmaset.com\/es\/#organization\",\"name\":\"Cal Pere del Maset\",\"url\":\"https:\/\/www.calperedelmaset.com\/es\/\",\"logo\":{\"@type\":\"ImageObject\",\"inLanguage\":\"es\",\"@id\":\"https:\/\/www.calperedelmaset.com\/es\/#\/schema\/logo\/image\/\",\"url\":\"\/wp-content\/uploads\/2024\/12\/logo-quadrat--e1733738265704.png\",\"contentUrl\":\"\/wp-content\/uploads\/2024\/12\/logo-quadrat--e1733738265704.png\",\"width\":500,\"height\":207,\"caption\":\"Cal Pere del Maset\"},\"image\":{\"@id\":\"https:\/\/www.calperedelmaset.com\/es\/#\/schema\/logo\/image\/\"}}]}<\/script>\n<!-- \/ Yoast SEO plugin. -->","yoast_head_json":{"title":"Home - Cal Pere del Maset","robots":{"index":"index","follow":"follow","max-snippet":"max-snippet:-1","max-image-preview":"max-image-preview:large","max-video-preview":"max-video-preview:-1"},"canonical":"https:\/\/www.calperedelmaset.com\/es\/","og_locale":"es_ES","og_type":"article","og_title":"Home - Cal Pere del Maset","og_description":"Down BIENVENIDOS En Cal Pere del Maset queremos que disfruten de una agradable velada. Te ofrecemos un producto de temporada, en un entorno de lujo. El Alt Pened\u00e8s, Subirats, San Pablo de Ordal. Nuestra casa, que esperamos que sienta como su casa. La carta Elaboramos nuestra carta con productos de temporada y proximidad, conservando la [&hellip;]","og_url":"https:\/\/www.calperedelmaset.com\/es\/","og_site_name":"Cal Pere del Maset","article_modified_time":"2025-03-06T05:42:23+00:00","twitter_card":"summary_large_image","twitter_misc":{"Tiempo de lectura":"1 minuto"},"schema":{"@context":"https:\/\/schema.org","@graph":[{"@type":"WebPage","@id":"https:\/\/www.calperedelmaset.com\/es\/","url":"https:\/\/www.calperedelmaset.com\/es\/","name":"Home - Cal Pere del Maset","isPartOf":{"@id":"https:\/\/www.calperedelmaset.com\/es\/#website"},"datePublished":"2024-12-09T09:38:34+00:00","dateModified":"2025-03-06T05:42:23+00:00","breadcrumb":{"@id":"https:\/\/www.calperedelmaset.com\/es\/#breadcrumb"},"inLanguage":"es","potentialAction":[{"@type":"ReadAction","target":["https:\/\/www.calperedelmaset.com\/es\/"]}]},{"@type":"BreadcrumbList","@id":"https:\/\/www.calperedelmaset.com\/es\/#breadcrumb","itemListElement":[{"@type":"ListItem","position":1,"name":"Portada","item":"https:\/\/www.calperedelmaset.com\/es\/"},{"@type":"ListItem","position":2,"name":"Home"}]},{"@type":"WebSite","@id":"https:\/\/www.calperedelmaset.com\/es\/#website","url":"https:\/\/www.calperedelmaset.com\/es\/","name":"Cal Pere del Maset","description":"Restaurant a Sant Pau d&#039;Ordal","publisher":{"@id":"https:\/\/www.calperedelmaset.com\/es\/#organization"},"potentialAction":[{"@type":"SearchAction","target":{"@type":"EntryPoint","urlTemplate":"https:\/\/www.calperedelmaset.com\/es\/?s={search_term_string}"},"query-input":{"@type":"PropertyValueSpecification","valueRequired":true,"valueName":"search_term_string"}}],"inLanguage":"es"},{"@type":"Organization","@id":"https:\/\/www.calperedelmaset.com\/es\/#organization","name":"Cal Pere del Maset","url":"https:\/\/www.calperedelmaset.com\/es\/","logo":{"@type":"ImageObject","inLanguage":"es","@id":"https:\/\/www.calperedelmaset.com\/es\/#\/schema\/logo\/image\/","url":"\/wp-content\/uploads\/2024\/12\/logo-quadrat--e1733738265704.png","contentUrl":"\/wp-content\/uploads\/2024\/12\/logo-quadrat--e1733738265704.png","width":500,"height":207,"caption":"Cal Pere del Maset"},"image":{"@id":"https:\/\/www.calperedelmaset.com\/es\/#\/schema\/logo\/image\/"}}]}},"_links":{"self":[{"href":"https:\/\/www.calperedelmaset.com\/es\/wp-json\/wp\/v2\/pages\/415","targetHints":{"allow":["GET"]}}],"collection":[{"href":"https:\/\/www.calperedelmaset.com\/es\/wp-json\/wp\/v2\/pages"}],"about":[{"href":"https:\/\/www.calperedelmaset.com\/es\/wp-json\/wp\/v2\/types\/page"}],"author":[{"embeddable":true,"href":"https:\/\/www.calperedelmaset.com\/es\/wp-json\/wp\/v2\/users\/3"}],"replies":[{"embeddable":true,"href":"https:\/\/www.calperedelmaset.com\/es\/wp-json\/wp\/v2\/comments?post=415"}],"version-history":[{"count":11,"href":"https:\/\/www.calperedelmaset.com\/es\/wp-json\/wp\/v2\/pages\/415\/revisions"}],"predecessor-version":[{"id":813,"href":"https:\/\/www.calperedelmaset.com\/es\/wp-json\/wp\/v2\/pages\/415\/revisions\/813"}],"wp:attachment":[{"href":"https:\/\/www.calperedelmaset.com\/es\/wp-json\/wp\/v2\/media?parent=415"}],"curies":[{"name":"wp","href":"https:\/\/api.w.org\/{rel}","templated":true}]}}